{"id":657,"date":"2018-03-07T13:54:14","date_gmt":"2018-03-07T12:54:14","guid":{"rendered":"https:\/\/www.xxter.com\/pairot\/?page_id=657"},"modified":"2020-08-07T12:25:25","modified_gmt":"2020-08-07T10:25:25","slug":"amazon-alexa","status":"publish","type":"page","link":"https:\/\/www.xxter.com\/voice\/amazon-alexa\/","title":{"rendered":"Amazon Alexa"},"content":{"rendered":"<\/div><\/div><\/div><!-- close content main div --><\/div><\/div><div id='av_section_1' class='avia-section main_color avia-section-default avia-no-shadow avia-full-stretch av-section-color-overlay-active avia-bg-style-fixed  container_wrap sidebar_right' style = 'background-repeat: no-repeat; background-image: url(https:\/\/www.xxter.com\/voice\/wp-content\/uploads\/2018\/03\/alexa-parralax-1500x1000.jpg); background-attachment: fixed; background-position: bottom left; ' data-section-bg-repeat='stretch' ><div class='av-section-color-overlay-wrap'><div class='av-section-color-overlay' style='opacity: 0.5; background-color: #000000; '><\/div><div class='container' ><div class='template-page content  av-content-small alpha units'><div class='post-entry post-entry-type-page post-entry-657'><div class='entry-content-wrapper clearfix'>\n<div style='padding-bottom:20px;color:#ffffff;font-size:60px;' class='av-special-heading av-special-heading-h1 custom-color-heading blockquote modern-quote modern-centered  av-inherit-size'><h1 class='av-special-heading-tag'  itemprop=\"headline\"  >Amazon Alexa KNX Bridge<\/h1><div class='special-heading-border'><div class='special-heading-inner-border' style='border-color:#ffffff'><\/div><\/div><\/div>\n<\/div><\/div><\/div><!-- close content main div --><\/div><\/div><\/div><div id='after_section_1' class='main_color av_default_container_wrap container_wrap sidebar_right'   ><div class='container' ><div class='template-page content  av-content-small alpha units'><div class='post-entry post-entry-type-page post-entry-657'><div class='entry-content-wrapper clearfix'>\n<div id='layer_slider_1' class='avia-layerslider main_color avia-shadow  container_wrap sidebar_right'    style='height: 721px;' ><script type=\"text\/javascript\">jQuery(function() { _initLayerSlider( '#layerslider_2_1a95zpdus3co9', {sliderVersion: '6.2.2', type: 'fullwidth', pauseOnHover: 'enabled', skin: 'fullwidth', sliderFadeInDuration: 350, globalBGSize: 'cover', useSrcset: true, skinsPath: 'https:\/\/www.xxter.com\/voice\/wp-content\/plugins\/LayerSlider\/assets\/static\/layerslider\/skins\/', performanceMode: true}); });<\/script><div id=\"layerslider_2_1a95zpdus3co9\" class=\"ls-wp-container fitvidsignore\" style=\"width:1280px;height:720px;max-width:100px;margin:0 auto;margin-bottom: 0px;\"><div class=\"ls-slide\" data-ls=\"bgcolor:#f5f5f5f5;\"><img loading=\"lazy\" decoding=\"async\" width=\"358\" height=\"54\" src=\"https:\/\/www.xxter.com\/voice\/wp-content\/uploads\/2018\/03\/chat-bubble.png\" class=\"ls-l ls-img-layer\" alt=\"\" srcset=\"https:\/\/www.xxter.com\/voice\/wp-content\/uploads\/2018\/03\/chat-bubble.png 358w, https:\/\/www.xxter.com\/voice\/wp-content\/uploads\/2018\/03\/chat-bubble-300x45.png 300w\" sizes=\"(max-width: 358px) 100vw, 358px\" style=\"top:252px;left:39px;text-align:initial;font-weight:400;font-style:normal;text-decoration:none;mix-blend-mode:normal;font-size:60px;line-height:65px;width:426px;height:107px;\" data-ls=\"showinfo:1;offsetxin:left;delayin:100;transitionout:false;hover:true;hoveropacity:1;parallax:true;parallaxlevel:33;parallaxtype:3d;parallaxrotate:0;parallaxdistance:0;position:relative;\"><img loading=\"lazy\" decoding=\"async\" width=\"358\" height=\"54\" src=\"https:\/\/www.xxter.com\/voice\/wp-content\/uploads\/2018\/03\/chat-bubble.png\" class=\"ls-l ls-img-layer\" alt=\"\" srcset=\"https:\/\/www.xxter.com\/voice\/wp-content\/uploads\/2018\/03\/chat-bubble.png 358w, https:\/\/www.xxter.com\/voice\/wp-content\/uploads\/2018\/03\/chat-bubble-300x45.png 300w\" sizes=\"(max-width: 358px) 100vw, 358px\" style=\"top:389.0000139633601px;left:760.9999860366398px;text-align:initial;font-weight:400;font-style:normal;text-decoration:none;mix-blend-mode:normal;font-size:60px;line-height:65px;width:439px;height:87px;\" data-ls=\"showinfo:1;offsetxin:right;delayin:100;transitionout:false;hover:true;hoveropacity:1;parallax:true;parallaxlevel:33;parallaxtype:3d;parallaxrotate:0;parallaxdistance:0;position:relative;\"><img loading=\"lazy\" decoding=\"async\" width=\"358\" height=\"54\" src=\"https:\/\/www.xxter.com\/voice\/wp-content\/uploads\/2018\/03\/chat-bubble-rechts.png\" class=\"ls-l ls-img-layer\" alt=\"\" srcset=\"https:\/\/www.xxter.com\/voice\/wp-content\/uploads\/2018\/03\/chat-bubble-rechts.png 358w, https:\/\/www.xxter.com\/voice\/wp-content\/uploads\/2018\/03\/chat-bubble-rechts-300x45.png 300w\" sizes=\"(max-width: 358px) 100vw, 358px\" style=\"top:249px;left:782px;text-align:initial;font-weight:400;font-style:normal;text-decoration:none;mix-blend-mode:normal;width:428px;height:87px;font-size:13px;line-height:14px;\" data-ls=\"showinfo:1;offsetxin:right;easingin:linear;position:relative;\"><img loading=\"lazy\" decoding=\"async\" width=\"358\" height=\"54\" src=\"https:\/\/www.xxter.com\/voice\/wp-content\/uploads\/2018\/03\/chat-bubble-rechts.png\" class=\"ls-l ls-img-layer\" alt=\"\" srcset=\"https:\/\/www.xxter.com\/voice\/wp-content\/uploads\/2018\/03\/chat-bubble-rechts.png 358w, https:\/\/www.xxter.com\/voice\/wp-content\/uploads\/2018\/03\/chat-bubble-rechts-300x45.png 300w\" sizes=\"(max-width: 358px) 100vw, 358px\" style=\"top:388px;left:63px;text-align:initial;font-weight:400;font-style:normal;text-decoration:none;mix-blend-mode:normal;width:424px;height:86px;font-size:13px;line-height:14px;\" data-ls=\"showinfo:1;offsetxin:left;easingin:linear;position:relative;\"><h1 style=\"top:268px;left:98px;text-align:initial;font-weight:100;font-style:normal;text-decoration:none;mix-blend-mode:normal;font-size:24px;line-height:38px;\" class=\"ls-l ls-text-layer\" data-ls=\"showinfo:1;offsetxin:left;delayin:200;transitionout:false;hover:true;hoveropacity:1;parallax:true;parallaxlevel:33;parallaxtype:3d;parallaxrotate:0;parallaxdistance:0;position:relative;\">Alexa, schalte meine<br>\nSchlafzimmerbeleuchtung ein<\/h1><h1 style=\"top:264px;left:796px;text-align:initial;font-weight:100;font-style:normal;text-decoration:none;mix-blend-mode:normal;font-size:24px;line-height:30px;\" class=\"ls-l ls-text-layer\" data-ls=\"showinfo:1;offsetxin:right;delayin:200;transitionout:false;hover:true;hoveropacity:1;parallax:true;parallaxlevel:33;parallaxtype:3d;parallaxrotate:0;parallaxdistance:0;position:relative;\">Alexa, erh\u00f6he die Temperatur im<br> K\u00fcche auf 20 Grad<\/h1><h1 style=\"top:417px;left:869px;text-align:initial;font-weight:100;font-style:normal;text-decoration:none;mix-blend-mode:normal;font-size:24px;line-height:30px;\" class=\"ls-l ls-text-layer\" data-ls=\"showinfo:1;offsetxin:right;delayin:200;transitionout:false;hover:true;hoveropacity:1;parallax:true;parallaxlevel:33;parallaxtype:3d;parallaxrotate:0;parallaxdistance:0;position:relative;\">Ich setze die K\u00fcche auf 20<\/h1><h1 style=\"top:416px;left:244px;text-align:initial;font-weight:100;font-style:normal;text-decoration:none;mix-blend-mode:normal;font-size:24px;line-height:30px;\" class=\"ls-l ls-text-layer\" data-ls=\"showinfo:1;offsetxin:left;delayin:200;transitionout:false;hover:true;hoveropacity:1;parallax:true;parallaxlevel:33;parallaxtype:3d;parallaxrotate:0;parallaxdistance:0;position:relative;\">Ok<\/h1><img loading=\"lazy\" decoding=\"async\" width=\"1000\" height=\"1000\" src=\"https:\/\/www.xxter.com\/voice\/wp-content\/uploads\/2018\/03\/alexa-echo.png\" class=\"ls-l ls-img-layer\" alt=\"\" srcset=\"https:\/\/www.xxter.com\/voice\/wp-content\/uploads\/2018\/03\/alexa-echo.png 1000w, https:\/\/www.xxter.com\/voice\/wp-content\/uploads\/2018\/03\/alexa-echo-80x80.png 80w, https:\/\/www.xxter.com\/voice\/wp-content\/uploads\/2018\/03\/alexa-echo-300x300.png 300w, https:\/\/www.xxter.com\/voice\/wp-content\/uploads\/2018\/03\/alexa-echo-768x768.png 768w, https:\/\/www.xxter.com\/voice\/wp-content\/uploads\/2018\/03\/alexa-echo-36x36.png 36w, https:\/\/www.xxter.com\/voice\/wp-content\/uploads\/2018\/03\/alexa-echo-180x180.png 180w, https:\/\/www.xxter.com\/voice\/wp-content\/uploads\/2018\/03\/alexa-echo-705x705.png 705w, https:\/\/www.xxter.com\/voice\/wp-content\/uploads\/2018\/03\/alexa-echo-120x120.png 120w, https:\/\/www.xxter.com\/voice\/wp-content\/uploads\/2018\/03\/alexa-echo-450x450.png 450w\" sizes=\"(max-width: 1000px) 100vw, 1000px\" style=\"top:113px;left:372px;text-align:initial;font-weight:400;font-style:normal;text-decoration:none;mix-blend-mode:normal;width:512px;height:529px;font-size:13px;line-height:14px;\" data-ls=\"showinfo:1;offsetyin:bottom;position:relative;\"><\/div><\/div><\/div>\n<\/div><\/div><\/div><!-- close content main div --><\/div><\/div><div id='av-layout-grid-1' class='av-layout-grid-container entry-content-wrapper main_color av-flex-cells  av-cell-min-height av-cell-min-height-25 container_wrap sidebar_right'   >\n<div class=\"flex_cell no_margin av_one_half   \" style='vertical-align:top; padding:30px 100px 30px 100px ; '><div class='flex_cell_inner' ><p><div style='padding-bottom:10px;' class='av-special-heading av-special-heading-h1  blockquote modern-quote modern-centered  '><h1 class='av-special-heading-tag'  itemprop=\"headline\"  >Kompatible Komponenten<\/h1><div class='special-heading-border'><div class='special-heading-inner-border' ><\/div><\/div><\/div><br \/>\n<div  class='hr hr-short hr-center '><span class='hr-inner ' ><span class='hr-inner-style'><\/span><\/span><\/div><br \/>\n<section class=\"av_textblock_section\"  itemscope=\"itemscope\" itemtype=\"https:\/\/schema.org\/CreativeWork\" ><div class='avia_textblock '  style='font-size:18px; '  itemprop=\"text\" ><p class=\"p1\" align=\"justify\">F\u00fcr Alexa werden zu diesem Zeitpunkt Schaltaktoren, Dimmer, Jalousieaktoren, Schalter (wie ein Taster), KNX-Szenen, Thermostate und Temperatursensoren unterst\u00fctzt. Alle diese Funktionen k\u00f6nnen mit Ausnahme der Jalousieaktoren auch \u00fcber die Alexa-App gesteuert werden. Sobald Amazon die Funktionalit\u00e4t erweitert, wird der xxter voice darauf schnellstm\u00f6glich mit einem kostenlosen Firmware Update reagieren. Bis zu 150 Komponenten k\u00f6nnen zu einem xxter voice gekoppelt werden.<\/p>\n<\/div><\/section><\/p>\n<\/div><\/div><div class=\"flex_cell no_margin av_one_half   avia-full-stretch av-hide-on-mobile  \" style='background-image:url(https:\/\/www.xxter.com\/voice\/wp-content\/uploads\/2018\/03\/alexa-ondersteunde-componenten-2.jpg); background-position:center left; background-repeat:no-repeat; background-attachment:scroll; vertical-align:top; padding:30px; background-color:#f4f4f4; '><div class='flex_cell_inner' ><div style='height:500px' class='hr hr-invisible '><span class='hr-inner ' ><span class='hr-inner-style'><\/span><\/span><\/div>\n<\/div><\/div>\n<\/div>\n<\/div><\/div><\/div><!-- close content main div --><\/div><\/div><div id='full_slider_1' class='avia-fullwidth-slider main_color avia-shadow  container_wrap sidebar_right'   ><div  data-size='featured'  data-lightbox_size='large'  data-animation='slide'  data-ids='709'  data-video_counter='0'  data-autoplay='false'  data-bg_slider='false'  data-slide_height=''  data-handle='av_slideshow_full'  data-interval='5'  data-class=' '  data-css_id=''  data-scroll_down=''  data-control_layout='av-control-minimal'  data-custom_markup=''  data-perma_caption=''  data-autoplay_stopper=''  data-image_attachment=''  data-min_height='250px'  data-src=''  data-position='top left'  data-repeat='no-repeat'  data-attach='scroll'  data-stretch=''  data-default-height='28.666666666667'  class='avia-slideshow avia-slideshow-1  av-control-minimal av-default-height-applied avia-slideshow-featured av_slideshow_full   avia-slide-slider '  itemscope=\"itemscope\" itemtype=\"https:\/\/schema.org\/ImageObject\" ><ul class='avia-slideshow-inner' style='padding-bottom: 34.677419354839%;'><li  class=' av-single-slide slide-1 ' ><div data-rel='slideshow-1' class='avia-slide-wrap'  ><div class = \"caption_fullwidth av-slideshow-caption caption_center\"><div class = \"container caption_container\"><div class = \"slideshow_caption\"><div class = \"slideshow_inner_caption\"><div class = \"slideshow_align_caption\"><h2  style='font-size:59px; ' class='avia-caption-title'  itemprop=\"name\" >SIND SIE INSTALLATEUR?<\/h2><div class='avia-caption-content av_inherit_color'  itemprop=\"description\"   style='font-size:21px; '><p>Bitte kontaktieren Sie uns f\u00fcr ein pers\u00f6nliches Angebot<\/p>\n<\/div><a href='https:\/\/www.xxter.com\/voice\/contact'  class='avia-slideshow-button avia-button avia-color-green ' data-duration='800' data-easing='easeInOutQuad'>KONTAKT AUFNEHMEN<\/a><\/div><\/div><\/div><\/div><\/div><img src='https:\/\/www.xxter.com\/voice\/wp-content\/uploads\/2018\/03\/amazon-alexa-parallax-1240x430.png' width='1240' height='430' title='amazon-alexa-parallax' alt=''  itemprop=\"thumbnailUrl\"  style='min-height:250px; min-width:721px; ' \/><div class='av-section-color-overlay' style='opacity: 0.5; background-color: #0a0a0a; '><\/div><\/div><\/li><\/ul><\/div><\/div>\n<\/div><\/div><\/div><!-- close content main div --><\/div><\/div><div id='av-layout-grid-2' class='av-layout-grid-container entry-content-wrapper main_color av-flex-cells  container_wrap sidebar_right'   >\n<div class=\"flex_cell no_margin av_one_half   avia-full-stretch av-hide-on-mobile  \" style='background-image:url(https:\/\/www.xxter.com\/voice\/wp-content\/uploads\/2019\/10\/4_Alexa-xxter-voice.jpg); background-position:center center; background-repeat:no-repeat; background-attachment:scroll; vertical-align:top; padding:30px; background-color:#f4f4f4; '><div class='flex_cell_inner' ><div style='height:500px' class='hr hr-invisible '><span class='hr-inner ' ><span class='hr-inner-style'><\/span><\/span><\/div>\n<\/div><\/div><div class=\"flex_cell no_margin av_one_half   \" style='vertical-align:top; padding:30px; '><div class='flex_cell_inner' ><p><div style='padding-bottom:10px;' class='av-special-heading av-special-heading-h1  blockquote modern-quote modern-centered  '><h1 class='av-special-heading-tag'  itemprop=\"headline\"  >Einfacher Gebrauch<\/h1><div class='special-heading-border'><div class='special-heading-inner-border' ><\/div><\/div><\/div><br \/>\n<div  class='hr hr-short hr-center '><span class='hr-inner ' ><span class='hr-inner-style'><\/span><\/span><\/div><br \/>\n<section class=\"av_textblock_section\"  itemscope=\"itemscope\" itemtype=\"https:\/\/schema.org\/CreativeWork\" ><div class='avia_textblock '  style='font-size:18px; '  itemprop=\"text\" ><p class=\"p1\" align=\"justify\">Die Einrichtung des xxter <span class=\"s1\">voice<\/span> ist sehr simpel. In der Online-Umgebung von \u2018Mein xxter\u2019 ist es m\u00f6glich, das KNX-Projekt aus ETS zu importieren. Aus diesem KNX-Projekt k\u00f6nnen alle relevanten Aktoren in ein xxter <span class=\"s1\">voice<\/span>-Projekt \u00fcbernommen werden und auf das xxter\u00a0<span class=\"s1\">voice<\/span>-Ger\u00e4t \u00fcbertragen werden. Das xxter <span class=\"s1\">voice<\/span>-Ger\u00e4t ist als Hutschienen-Redundanz-Modul (DIN-Rail) mit 4 TE Breite verf\u00fcgbar und wird in der Wohnung an das Netzwerk, den KNX-Bus und einen 5-36 VDC-Anschluss angeschlossen. Mit der xxter voice-App kann das Ger\u00e4t einfach in Betrieb genommen werden und kann es direkt mit dem Alexa gekoppelt und verwendet werden.<\/p>\n<\/div><\/section><br \/>\n<div class=\"flex_column av_one_full  flex_column_div av-zero-column-padding first  \" style='border-radius:0px; '><div class='avia-button-wrap avia-button-center '><a href='https:\/\/www.xxter.com\/voice\/dokumentation' class='avia-button avia-button-fullwidth  avia-icon_select-no avia-color-custom '  style='color:#ffffff; background-color:#3b8a35;  ' ><span class='avia_iconbox_title' >Dokumentation<\/span><span class='avia_button_background avia-button avia-button-fullwidth avia-color-custom' style='background-color:#3b8a35; '><\/span><\/a><\/div><\/div><\/p>\n<\/div><\/div><\/div><\/div><\/div><\/div><!-- close content main div --><\/div><\/div><div id='av-layout-grid-3' class='av-layout-grid-container entry-content-wrapper main_color av-flex-cells  av-cell-min-height av-cell-min-height-25 container_wrap sidebar_right'   >\n<div class=\"flex_cell no_margin av_one_half   \" style='vertical-align:top; padding:30px; '><div class='flex_cell_inner' ><p><div style='padding-bottom:10px;' class='av-special-heading av-special-heading-h1  blockquote modern-quote modern-centered  '><h1 class='av-special-heading-tag'  itemprop=\"headline\"  >xxter mit xxter voice kombinieren<\/h1><div class='special-heading-border'><div class='special-heading-inner-border' ><\/div><\/div><\/div><br \/>\n<div  class='hr hr-short hr-center '><span class='hr-inner ' ><span class='hr-inner-style'><\/span><\/span><\/div><br \/>\n<section class=\"av_textblock_section\"  itemscope=\"itemscope\" itemtype=\"https:\/\/schema.org\/CreativeWork\" ><div class='avia_textblock '  style='font-size:18px; '  itemprop=\"text\" ><p class=\"p1\" align=\"justify\"><span class=\"s1\">Wenn Sie bereits ein xxter haben und Ihrer Wohnung Sprachsteuerung hinzuf\u00fcgen wollen, oder neben der Sprachsteuerung von den vielf\u00e4ltigen M\u00f6glichkeiten von xxter Gebrauch machen m\u00f6chten, dann k\u00f6nnen Sie den xxter und den xxter voice hervorragend gemeinsam einsetzen. Vorhandene xxter Kunden k\u00f6nnen ganz schnell mit dem xxter voice loslegen, da das xxter-Projekt direkt auf den xxter voice \u00fcbertragbar ist. Dank der Prozesse und Scripts von xxter k\u00f6nnen Sie bestimmte Aktionen vom xxter voice als Ausl\u00f6ser f\u00fcr die endlosen Automationsm\u00f6glichkeiten von xxter verwenden. Damit k\u00f6nnen Sie es in Gegensprechanlagen, Audio-\/Videosysteme wie Sonos, und andere Smart Home-L\u00f6sungen, wie enOcean und DMX, integrieren. Da xxter voice und xxter beide permanent mit dem KNX-System verbunden sind, schlie\u00dfen die Sprachsteuerung via xxter voice und Ihre pers\u00f6nliche Visualisierung in der xxter-App immer nahtlos aneinander an.<br \/>\n<\/span><\/p>\n<\/div><\/section><br \/>\n<div class='avia-button-wrap avia-button-center '><a href='https:\/\/www.xxter.com\/de\/' class='avia-button avia-button-fullwidth  avia-icon_select-no avia-color-custom '  style='color:#ffffff; background-color:#3b8a35;  ' ><span class='avia_iconbox_title' >Besuchen Sie die xxter Webseite<\/span><span class='avia_button_background avia-button avia-button-fullwidth avia-color-custom' style='background-color:#3b8a35; '><\/span><\/a><\/div><\/p>\n<\/div><\/div><div class=\"flex_cell no_margin av_one_half   avia-full-stretch av-hide-on-mobile  \" style='background-image:url(https:\/\/www.xxter.com\/voice\/wp-content\/uploads\/2019\/01\/xxter-amazon-alexa-300x300.jpg); background-position:center center; background-repeat:no-repeat; background-attachment:scroll; vertical-align:top; padding:30px; background-color:#f4f4f4; '><div class='flex_cell_inner' ><div style='height:500px' class='hr hr-invisible '><span class='hr-inner ' ><span class='hr-inner-style'><\/span><\/span><\/div>\n<\/div><\/div>\n<\/div><\/p>\n","protected":false},"excerpt":{"rendered":"","protected":false},"author":1,"featured_media":0,"parent":0,"menu_order":0,"comment_status":"closed","ping_status":"closed","template":"","meta":{"footnotes":""},"class_list":["post-657","page","type-page","status-publish","hentry"],"yoast_head":"<!-- This site is optimized with the Yoast SEO plugin v22.8 - https:\/\/yoast.com\/wordpress\/plugins\/seo\/ -->\n<title>Amazon Alexa mit KNX Steuerung<\/title>\n<meta name=\"description\" content=\"xxter Stimme Alexa KNX Br\u00fccke von xxter. Steuern Sie Ihre gesamte KNX Installation mit Alexa von Amazon. Ihre Immobilie einfach mit der Sprachsteuerung von Amazon Alexa gesteuert.\" \/>\n<meta name=\"robots\" content=\"index, follow, max-snippet:-1, max-image-preview:large, max-video-preview:-1\" \/>\n<link rel=\"canonical\" href=\"https:\/\/www.xxter.com\/voice\/amazon-alexa\/\" \/>\n<meta property=\"og:locale\" content=\"de_DE\" \/>\n<meta property=\"og:type\" content=\"article\" \/>\n<meta property=\"og:title\" content=\"Amazon Alexa mit KNX Steuerung\" \/>\n<meta property=\"og:description\" content=\"xxter Stimme Alexa KNX Br\u00fccke von xxter. Steuern Sie Ihre gesamte KNX Installation mit Alexa von Amazon. Ihre Immobilie einfach mit der Sprachsteuerung von Amazon Alexa gesteuert.\" \/>\n<meta property=\"og:url\" content=\"https:\/\/www.xxter.com\/voice\/amazon-alexa\/\" \/>\n<meta property=\"og:site_name\" content=\"xxter voice\" \/>\n<meta property=\"article:publisher\" content=\"https:\/\/www.facebook.com\/xxterbv\" \/>\n<meta property=\"article:modified_time\" content=\"2020-08-07T10:25:25+00:00\" \/>\n<meta name=\"twitter:card\" content=\"summary_large_image\" \/>\n<meta name=\"twitter:site\" content=\"@xxter\" \/>\n<meta name=\"twitter:label1\" content=\"Gesch\u00e4tzte Lesezeit\" \/>\n\t<meta name=\"twitter:data1\" content=\"8\u00a0Minuten\" \/>\n<script type=\"application\/ld+json\" class=\"yoast-schema-graph\">{\"@context\":\"https:\/\/schema.org\",\"@graph\":[{\"@type\":\"WebPage\",\"@id\":\"https:\/\/www.xxter.com\/voice\/amazon-alexa\/\",\"url\":\"https:\/\/www.xxter.com\/voice\/amazon-alexa\/\",\"name\":\"Amazon Alexa mit KNX Steuerung\",\"isPartOf\":{\"@id\":\"https:\/\/www.xxter.com\/voice\/#website\"},\"datePublished\":\"2018-03-07T12:54:14+00:00\",\"dateModified\":\"2020-08-07T10:25:25+00:00\",\"description\":\"xxter Stimme Alexa KNX Br\u00fccke von xxter. Steuern Sie Ihre gesamte KNX Installation mit Alexa von Amazon. Ihre Immobilie einfach mit der Sprachsteuerung von Amazon Alexa gesteuert.\",\"breadcrumb\":{\"@id\":\"https:\/\/www.xxter.com\/voice\/amazon-alexa\/#breadcrumb\"},\"inLanguage\":\"de\",\"potentialAction\":[{\"@type\":\"ReadAction\",\"target\":[\"https:\/\/www.xxter.com\/voice\/amazon-alexa\/\"]}]},{\"@type\":\"BreadcrumbList\",\"@id\":\"https:\/\/www.xxter.com\/voice\/amazon-alexa\/#breadcrumb\",\"itemListElement\":[{\"@type\":\"ListItem\",\"position\":1,\"name\":\"Home\",\"item\":\"https:\/\/www.xxter.com\/voice\/\"},{\"@type\":\"ListItem\",\"position\":2,\"name\":\"Amazon Alexa\"}]},{\"@type\":\"WebSite\",\"@id\":\"https:\/\/www.xxter.com\/voice\/#website\",\"url\":\"https:\/\/www.xxter.com\/voice\/\",\"name\":\"xxter voice\",\"description\":\"Homekit mit KNX\",\"potentialAction\":[{\"@type\":\"SearchAction\",\"target\":{\"@type\":\"EntryPoint\",\"urlTemplate\":\"https:\/\/www.xxter.com\/voice\/?s={search_term_string}\"},\"query-input\":\"required name=search_term_string\"}],\"inLanguage\":\"de\"}]}<\/script>\n<!-- \/ Yoast SEO plugin. -->","yoast_head_json":{"title":"Amazon Alexa mit KNX Steuerung","description":"xxter Stimme Alexa KNX Br\u00fccke von xxter. Steuern Sie Ihre gesamte KNX Installation mit Alexa von Amazon. Ihre Immobilie einfach mit der Sprachsteuerung von Amazon Alexa gesteuert.","robots":{"index":"index","follow":"follow","max-snippet":"max-snippet:-1","max-image-preview":"max-image-preview:large","max-video-preview":"max-video-preview:-1"},"canonical":"https:\/\/www.xxter.com\/voice\/amazon-alexa\/","og_locale":"de_DE","og_type":"article","og_title":"Amazon Alexa mit KNX Steuerung","og_description":"xxter Stimme Alexa KNX Br\u00fccke von xxter. Steuern Sie Ihre gesamte KNX Installation mit Alexa von Amazon. Ihre Immobilie einfach mit der Sprachsteuerung von Amazon Alexa gesteuert.","og_url":"https:\/\/www.xxter.com\/voice\/amazon-alexa\/","og_site_name":"xxter voice","article_publisher":"https:\/\/www.facebook.com\/xxterbv","article_modified_time":"2020-08-07T10:25:25+00:00","twitter_card":"summary_large_image","twitter_site":"@xxter","twitter_misc":{"Gesch\u00e4tzte Lesezeit":"8\u00a0Minuten"},"schema":{"@context":"https:\/\/schema.org","@graph":[{"@type":"WebPage","@id":"https:\/\/www.xxter.com\/voice\/amazon-alexa\/","url":"https:\/\/www.xxter.com\/voice\/amazon-alexa\/","name":"Amazon Alexa mit KNX Steuerung","isPartOf":{"@id":"https:\/\/www.xxter.com\/voice\/#website"},"datePublished":"2018-03-07T12:54:14+00:00","dateModified":"2020-08-07T10:25:25+00:00","description":"xxter Stimme Alexa KNX Br\u00fccke von xxter. Steuern Sie Ihre gesamte KNX Installation mit Alexa von Amazon. Ihre Immobilie einfach mit der Sprachsteuerung von Amazon Alexa gesteuert.","breadcrumb":{"@id":"https:\/\/www.xxter.com\/voice\/amazon-alexa\/#breadcrumb"},"inLanguage":"de","potentialAction":[{"@type":"ReadAction","target":["https:\/\/www.xxter.com\/voice\/amazon-alexa\/"]}]},{"@type":"BreadcrumbList","@id":"https:\/\/www.xxter.com\/voice\/amazon-alexa\/#breadcrumb","itemListElement":[{"@type":"ListItem","position":1,"name":"Home","item":"https:\/\/www.xxter.com\/voice\/"},{"@type":"ListItem","position":2,"name":"Amazon Alexa"}]},{"@type":"WebSite","@id":"https:\/\/www.xxter.com\/voice\/#website","url":"https:\/\/www.xxter.com\/voice\/","name":"xxter voice","description":"Homekit mit KNX","potentialAction":[{"@type":"SearchAction","target":{"@type":"EntryPoint","urlTemplate":"https:\/\/www.xxter.com\/voice\/?s={search_term_string}"},"query-input":"required name=search_term_string"}],"inLanguage":"de"}]}},"_links":{"self":[{"href":"https:\/\/www.xxter.com\/voice\/wp-json\/wp\/v2\/pages\/657"}],"collection":[{"href":"https:\/\/www.xxter.com\/voice\/wp-json\/wp\/v2\/pages"}],"about":[{"href":"https:\/\/www.xxter.com\/voice\/wp-json\/wp\/v2\/types\/page"}],"author":[{"embeddable":true,"href":"https:\/\/www.xxter.com\/voice\/wp-json\/wp\/v2\/users\/1"}],"replies":[{"embeddable":true,"href":"https:\/\/www.xxter.com\/voice\/wp-json\/wp\/v2\/comments?post=657"}],"version-history":[{"count":124,"href":"https:\/\/www.xxter.com\/voice\/wp-json\/wp\/v2\/pages\/657\/revisions"}],"predecessor-version":[{"id":1227,"href":"https:\/\/www.xxter.com\/voice\/wp-json\/wp\/v2\/pages\/657\/revisions\/1227"}],"wp:attachment":[{"href":"https:\/\/www.xxter.com\/voice\/wp-json\/wp\/v2\/media?parent=657"}],"curies":[{"name":"wp","href":"https:\/\/api.w.org\/{rel}","templated":true}]}}