{"id":443,"date":"2017-10-04T11:03:26","date_gmt":"2017-10-04T09:03:26","guid":{"rendered":"https:\/\/www.xxter.com\/staging\/pairot\/?page_id=443"},"modified":"2020-08-07T13:36:25","modified_gmt":"2020-08-07T11:36:25","slug":"homekit-knx","status":"publish","type":"page","link":"https:\/\/www.xxter.com\/voice\/homekit-knx\/","title":{"rendered":"Apple Homekit"},"content":{"rendered":"<\/div><\/div><\/div><!-- close content main div --><\/div><\/div><div id='av_section_1' class='avia-section main_color avia-section-default avia-no-shadow avia-full-stretch av-section-color-overlay-active avia-bg-style-fixed  container_wrap sidebar_right' style = 'background-repeat: no-repeat; background-image: url(https:\/\/www.xxter.com\/voice\/wp-content\/uploads\/2018\/03\/homekit-knx-header.jpg); background-attachment: fixed; background-position: bottom left; ' data-section-bg-repeat='stretch' ><div class='av-section-color-overlay-wrap'><div class='av-section-color-overlay' style='opacity: 0.5; background-color: #000000; '><\/div><div class='container' ><div class='template-page content  av-content-small alpha units'><div class='post-entry post-entry-type-page post-entry-443'><div class='entry-content-wrapper clearfix'>\n<div style='padding-bottom:20px;color:#ffffff;font-size:60px;' class='av-special-heading av-special-heading-h1 custom-color-heading blockquote modern-quote modern-centered  av-inherit-size'><h1 class='av-special-heading-tag'  itemprop=\"headline\"  >Homekit KNX Bridge<\/h1><div class='special-heading-border'><div class='special-heading-inner-border' style='border-color:#ffffff'><\/div><\/div><\/div>\n<\/div><\/div><\/div><!-- close content main div --><\/div><\/div><\/div><div id='after_section_1' class='main_color av_default_container_wrap container_wrap sidebar_right'   ><div class='container' ><div class='template-page content  av-content-small alpha units'><div class='post-entry post-entry-type-page post-entry-443'><div class='entry-content-wrapper clearfix'>\n<\/div><\/div><\/div><!-- close content main div --><\/div><\/div><div id='av-layout-grid-1' class='av-layout-grid-container entry-content-wrapper main_color av-flex-cells  av-cell-min-height av-cell-min-height-25 container_wrap sidebar_right'   >\n<div class=\"flex_cell no_margin av_one_half   \" style='vertical-align:top; padding:30px 100px 30px 100px ; '><div class='flex_cell_inner' ><p><div style='padding-bottom:10px;' class='av-special-heading av-special-heading-h1  blockquote modern-quote modern-centered  '><h1 class='av-special-heading-tag'  itemprop=\"headline\"  >Kompatible Komponenten<\/h1><div class='special-heading-border'><div class='special-heading-inner-border' ><\/div><\/div><\/div><br \/>\n<div  class='hr hr-short hr-center '><span class='hr-inner ' ><span class='hr-inner-style'><\/span><\/span><\/div><br \/>\n<section class=\"av_textblock_section\"  itemscope=\"itemscope\" itemtype=\"https:\/\/schema.org\/CreativeWork\" ><div class='avia_textblock '  style='font-size:18px; '  itemprop=\"text\" ><p class=\"p1\" align=\"justify\">F\u00fcr HomeKit werden zu diesem Zeitpunkt Schaltaktoren, Dimmer, Jalousieaktoren, Schalter (wie ein Taster), KNX-Szenen, Ventile (f\u00fcr Wasserh\u00e4hne und Bew\u00e4sserung) und Thermostate unterst\u00fctzt. F\u00fcr HomeKit k\u00f6nnen Sie dar\u00fcber hinaus auch die Temperatur, Lichtintensit\u00e4t und Luftfeuchtigkeit abfragen ebenso gut wie den Status von Leckage-, Rauch-, CO- und CO2-Detektoren im Haushalt. Im HomeKit k\u00f6nnen Sie zustandslose Drucker, Kontact-, Pr\u00e4senz- und Bewegungsmelder, sowie Schalter, \u00fcber eine Automation einsetzen, um Szenen oder andere Komponenten zu steuern. Auf Wunsch von Apple k\u00f6nnen maximal 150 Komponenten an einen xxter voice gekoppelt werden und der xxter voice darf ausschlie\u00dflich in Wohnungen eingesetzt werden.<\/p>\n<\/div><\/section><\/p>\n<\/div><\/div><div class=\"flex_cell no_margin av_one_half   avia-full-contain \" style='vertical-align:top; padding:30px; background-color:#f4f4f4; '><div class='flex_cell_inner' ><div class='avia-image-container  av-styling-   avia-align-center '  itemscope=\"itemscope\" itemtype=\"https:\/\/schema.org\/ImageObject\"  ><div class='avia-image-container-inner'><img class='avia_image ' src='https:\/\/www.xxter.com\/voice\/wp-content\/uploads\/2017\/09\/apple.png' alt='Apple Homekit' title='Apple Homekit'   itemprop=\"thumbnailUrl\"  \/><\/div><\/div>\n<\/div><\/div>\n<\/div>\n<section class=\"avia_codeblock_section avia_code_block_0\"  itemscope=\"itemscope\" itemtype=\"https:\/\/schema.org\/CreativeWork\" ><div class='avia_codeblock '  itemprop=\"text\" > [avia_codeblock_placeholder uid=\"0\"] <\/div><\/section>\n<\/div><\/div><\/div><!-- close content main div --><\/div><\/div><div id='av-layout-grid-2' class='av-layout-grid-container entry-content-wrapper main_color av-flex-cells  container_wrap sidebar_right'   >\n<div class=\"flex_cell no_margin av_one_half   avia-full-contain \" style='vertical-align:top; padding:30px; background-color:#f4f4f4; '><div class='flex_cell_inner' ><section class=\"avia_codeblock_section avia_code_block_1\"  itemscope=\"itemscope\" itemtype=\"https:\/\/schema.org\/CreativeWork\" ><div class='avia_codeblock '  itemprop=\"text\" > [avia_codeblock_placeholder uid=\"1\"] <\/div><\/section>\n<\/div><\/div><div class=\"flex_cell no_margin av_one_half   \" style='vertical-align:top; padding:30px; '><div class='flex_cell_inner' ><p><div style='padding-bottom:10px;' class='av-special-heading av-special-heading-h1  blockquote modern-quote modern-centered  '><h1 class='av-special-heading-tag'  itemprop=\"headline\"  >Einfacher Gebrauch<\/h1><div class='special-heading-border'><div class='special-heading-inner-border' ><\/div><\/div><\/div><br \/>\n<div  class='hr hr-short hr-center '><span class='hr-inner ' ><span class='hr-inner-style'><\/span><\/span><\/div><br \/>\n<section class=\"av_textblock_section\"  itemscope=\"itemscope\" itemtype=\"https:\/\/schema.org\/CreativeWork\" ><div class='avia_textblock '  style='font-size:18px; '  itemprop=\"text\" ><p class=\"p1\" align=\"justify\"><span class=\"s1\">Die Einrichtung des xxter voice ist sehr simpel. In der Online-Umgebung von \u2018Mein xxter\u2019 ist es m\u00f6glich, das KNX-Projekt aus ETS zu importieren. Aus diesem KNX-Projekt k\u00f6nnen alle relevanten Aktoren in ein xxter voice-Projekt \u00fcbernommen werden und auf das xxter voice-Ger\u00e4t \u00fcbertragen werden. Das xxter voice-Ger\u00e4t ist als Hutschienen-Redundanz-Modul (DIN-Rail) mit 4 TE Breite verf\u00fcgbar und wird in der Wohnung an das Netzwerk, den KNX-Bus und einen 5-36 VDC-Anschluss angeschlossen. Mit der xxter voice-App kann das Ger\u00e4t einfach in Betrieb genommen werden und alle Elemente und die gesamte Raumstruktur k\u00f6nnen sofort in HomeKit \u00fcbertragen werden.<\/span><\/p>\n<\/div><\/section><br \/>\n<div class=\"flex_column av_one_full  flex_column_div av-zero-column-padding first  \" style='border-radius:0px; '><div class='avia-button-wrap avia-button-center '><a href='https:\/\/www.xxter.com\/voice\/dokumentation' class='avia-button avia-button-fullwidth  avia-icon_select-no avia-color-custom '  style='color:#ffffff; background-color:#3b8a35;  ' ><span class='avia_iconbox_title' >Dokumentation<\/span><span class='avia_button_background avia-button avia-button-fullwidth avia-color-custom' style='background-color:#3b8a35; '><\/span><\/a><\/div><\/div><\/p>\n<\/div><\/div><\/div><\/div><\/div><\/div><!-- close content main div --><\/div><\/div><div id='av-layout-grid-3' class='av-layout-grid-container entry-content-wrapper main_color av-flex-cells  av-cell-min-height av-cell-min-height-25 container_wrap sidebar_right'   >\n<div class=\"flex_cell no_margin av_one_half   \" style='vertical-align:top; padding:30px 100px 30px 100px ; '><div class='flex_cell_inner' ><p><div style='padding-bottom:10px;' class='av-special-heading av-special-heading-h1  blockquote modern-quote modern-centered '><h1 class='av-special-heading-tag'  itemprop=\"headline\"  >HomeKit Steuerzentrale<\/h1><div class='special-heading-border'><div class='special-heading-inner-border' ><\/div><\/div><\/div><br \/>\n<div  class='hr hr-short hr-center '><span class='hr-inner ' ><span class='hr-inner-style'><\/span><\/span><\/div><br \/>\n<section class=\"av_textblock_section\"  itemscope=\"itemscope\" itemtype=\"https:\/\/schema.org\/CreativeWork\" ><div class='avia_textblock '  style='font-size:18px; '  itemprop=\"text\" ><p class=\"p1\" align=\"justify\"><span class=\"s1\">Wenn Sie ein iPad haben, das immer zu Hause ist, einen Apple TV oder bald auch das neue HomePod, dann k\u00f6nnen diese als Steuerzentrale verwendet werden. Dies erm\u00f6glicht es Ihnen, Ihr Haus zu bedienen, wenn Sie nicht zu Hause sind. Dar\u00fcber hinaus k\u00f6nnen Sie damit Automations-Funktionen zum HomeKit hinzuf\u00fcgen. So k\u00f6nnen Sie die Beleuchtung anschalten lassen, wenn Sie nach Hause kommen, die Jalousien zu einem bestimmten Zeitpunkt schlie\u00dfen lassen oder mit einem Schalter im Haus eine Szene bedienen, die Sie im HomeKit erstellt haben. Die Kommunikation zwischen iPhone, iPad, oder iPod touch und die HomeKit-f\u00e4higen xxter voice ist gesichert durch die HomeKit-Technologie.<br \/>\n<\/span><\/p>\n<\/div><\/section><\/p>\n<\/div><\/div><div class=\"flex_cell no_margin av_one_half   avia-full-contain \" style='vertical-align:top; padding:30px; background-color:#f4f4f4; '><div class='flex_cell_inner' ><div class='avia-image-container  av-styling-   avia-align-center '  itemscope=\"itemscope\" itemtype=\"https:\/\/schema.org\/ImageObject\"  ><div class='avia-image-container-inner'><img class='avia_image ' src='https:\/\/www.xxter.com\/voice\/wp-content\/uploads\/2017\/10\/hubs.png' alt='Homekit KNX Hubs' title='Homekit KNX Hubs'   itemprop=\"thumbnailUrl\"  \/><\/div><\/div>\n<\/div><\/div>\n<\/div><\/p>\n<\/div><\/div><\/div><!-- close content main div --><\/div><\/div><div id='av-layout-grid-4' class='av-layout-grid-container entry-content-wrapper main_color av-flex-cells  av-cell-min-height av-cell-min-height-25 container_wrap sidebar_right'   >\n<div class=\"flex_cell no_margin av_one_half   \" style='vertical-align:top; padding:30px; background-color:#f4f4f4; '><div class='flex_cell_inner' ><div class='avia-image-container  av-styling-   avia-align-center '  itemscope=\"itemscope\" itemtype=\"https:\/\/schema.org\/ImageObject\"  ><div class='avia-image-container-inner'><img class='avia_image ' src='https:\/\/www.xxter.com\/voice\/wp-content\/uploads\/2019\/01\/phone-xxter-1030x687-1030x687.png' alt='xxter voice' title='xxter voice'   itemprop=\"thumbnailUrl\"  \/><\/div><\/div>\n<\/div><\/div><div class=\"flex_cell no_margin av_one_half   avia-full-contain \" style='vertical-align:top; padding:30px; '><div class='flex_cell_inner' ><p><div style='padding-bottom:10px;' class='av-special-heading av-special-heading-h1  blockquote modern-quote modern-centered  '><h1 class='av-special-heading-tag'  itemprop=\"headline\"  >xxter mit xxter voice kombinieren<\/h1><div class='special-heading-border'><div class='special-heading-inner-border' ><\/div><\/div><\/div><br \/>\n<div  class='hr hr-short hr-center '><span class='hr-inner ' ><span class='hr-inner-style'><\/span><\/span><\/div><br \/>\n<section class=\"av_textblock_section\"  itemscope=\"itemscope\" itemtype=\"https:\/\/schema.org\/CreativeWork\" ><div class='avia_textblock '  style='font-size:18px; '  itemprop=\"text\" ><p class=\"p1\" align=\"justify\"><span class=\"s1\">Wenn Sie bereits ein xxter haben und Ihrer Wohnung Sprachsteuerung hinzuf\u00fcgen wollen, oder neben der Sprachsteuerung von den vielf\u00e4ltigen M\u00f6glichkeiten von xxter Gebrauch machen m\u00f6chten, dann k\u00f6nnen Sie den xxter und den xxter voice hervorragend gemeinsam einsetzen. Vorhandene xxter Kunden k\u00f6nnen ganz schnell mit dem xxter voice loslegen, da das xxter-Projekt direkt auf den xxter voice \u00fcbertragbar ist. Dank der Prozesse und Scripts von xxter k\u00f6nnen Sie bestimmte Aktionen vom xxter voice als Ausl\u00f6ser f\u00fcr die endlosen Automationsm\u00f6glichkeiten von xxter verwenden. Damit k\u00f6nnen Sie es in Gegensprechanlagen, Audio-\/Videosysteme wie Sonos, und andere Smart Home-L\u00f6sungen, wie enOcean und DMX, integrieren. Da xxter voice und xxter beide permanent mit dem KNX-System verbunden sind, schlie\u00dfen die Sprachsteuerung via xxter voice und Ihre pers\u00f6nliche Visualisierung in der xxter-App immer nahtlos aneinander an.<br \/>\n<\/span><\/p>\n<\/div><\/section><br \/>\n<div class='avia-button-wrap avia-button-center '><a href='https:\/\/www.xxter.com\/de\/' class='avia-button avia-button-fullwidth  avia-icon_select-no avia-color-custom '  style='color:#ffffff; background-color:#3b8a35;  ' ><span class='avia_iconbox_title' >Besuchen Sie die xxter Webseite<\/span><span class='avia_button_background avia-button avia-button-fullwidth avia-color-custom' style='background-color:#3b8a35; '><\/span><\/a><\/div><\/p>\n<\/div><\/div>\n<\/div>\n","protected":false},"excerpt":{"rendered":"","protected":false},"author":1,"featured_media":0,"parent":0,"menu_order":0,"comment_status":"closed","ping_status":"closed","template":"","meta":{"footnotes":""},"class_list":["post-443","page","type-page","status-publish","hentry"],"yoast_head":"<!-- This site is optimized with the Yoast SEO plugin v22.8 - https:\/\/yoast.com\/wordpress\/plugins\/seo\/ -->\n<title>xxter voice | Apple Homekit KNX Bridge<\/title>\n<meta name=\"description\" content=\"xxter Stimme bietet die M\u00f6glichkeit, KNX Homekit mit Apple zu integrieren. Die xxter Stimme kann als einer der wenigen offiziell den Stempel &quot;Arbeiten mit Apple HomeKit&quot;.\" \/>\n<meta name=\"robots\" content=\"index, follow, max-snippet:-1, max-image-preview:large, max-video-preview:-1\" \/>\n<link rel=\"canonical\" href=\"https:\/\/www.xxter.com\/voice\/homekit-knx\/\" \/>\n<meta property=\"og:locale\" content=\"de_DE\" \/>\n<meta property=\"og:type\" content=\"article\" \/>\n<meta property=\"og:title\" content=\"xxter voice | Apple Homekit KNX Bridge\" \/>\n<meta property=\"og:description\" content=\"xxter Stimme bietet die M\u00f6glichkeit, KNX Homekit mit Apple zu integrieren. Die xxter Stimme kann als einer der wenigen offiziell den Stempel &quot;Arbeiten mit Apple HomeKit&quot;.\" \/>\n<meta property=\"og:url\" content=\"https:\/\/www.xxter.com\/voice\/homekit-knx\/\" \/>\n<meta property=\"og:site_name\" content=\"xxter voice\" \/>\n<meta property=\"article:publisher\" content=\"https:\/\/www.facebook.com\/xxterbv\" \/>\n<meta property=\"article:modified_time\" content=\"2020-08-07T11:36:25+00:00\" \/>\n<meta property=\"og:image\" content=\"https:\/\/www.xxter.com\/voice\/wp-content\/uploads\/2017\/09\/iphone-7-mockup-1500x430.jpg\" \/>\n<meta name=\"twitter:card\" content=\"summary_large_image\" \/>\n<meta name=\"twitter:site\" content=\"@xxter\" \/>\n<meta name=\"twitter:label1\" content=\"Gesch\u00e4tzte Lesezeit\" \/>\n\t<meta name=\"twitter:data1\" content=\"9\u00a0Minuten\" \/>\n<script type=\"application\/ld+json\" class=\"yoast-schema-graph\">{\"@context\":\"https:\/\/schema.org\",\"@graph\":[{\"@type\":\"WebPage\",\"@id\":\"https:\/\/www.xxter.com\/voice\/homekit-knx\/\",\"url\":\"https:\/\/www.xxter.com\/voice\/homekit-knx\/\",\"name\":\"xxter voice | Apple Homekit KNX Bridge\",\"isPartOf\":{\"@id\":\"https:\/\/www.xxter.com\/voice\/#website\"},\"primaryImageOfPage\":{\"@id\":\"https:\/\/www.xxter.com\/voice\/homekit-knx\/#primaryimage\"},\"image\":{\"@id\":\"https:\/\/www.xxter.com\/voice\/homekit-knx\/#primaryimage\"},\"thumbnailUrl\":\"https:\/\/www.xxter.com\/voice\/wp-content\/uploads\/2017\/09\/iphone-7-mockup-1500x430.jpg\",\"datePublished\":\"2017-10-04T09:03:26+00:00\",\"dateModified\":\"2020-08-07T11:36:25+00:00\",\"description\":\"xxter Stimme bietet die M\u00f6glichkeit, KNX Homekit mit Apple zu integrieren. Die xxter Stimme kann als einer der wenigen offiziell den Stempel \\\"Arbeiten mit Apple HomeKit\\\".\",\"breadcrumb\":{\"@id\":\"https:\/\/www.xxter.com\/voice\/homekit-knx\/#breadcrumb\"},\"inLanguage\":\"de\",\"potentialAction\":[{\"@type\":\"ReadAction\",\"target\":[\"https:\/\/www.xxter.com\/voice\/homekit-knx\/\"]}]},{\"@type\":\"ImageObject\",\"inLanguage\":\"de\",\"@id\":\"https:\/\/www.xxter.com\/voice\/homekit-knx\/#primaryimage\",\"url\":\"https:\/\/www.xxter.com\/voice\/wp-content\/uploads\/2017\/09\/iphone-7-mockup.jpg\",\"contentUrl\":\"https:\/\/www.xxter.com\/voice\/wp-content\/uploads\/2017\/09\/iphone-7-mockup.jpg\",\"width\":4000,\"height\":2670,\"caption\":\"iPhone 7 Homekit bedienen\"},{\"@type\":\"BreadcrumbList\",\"@id\":\"https:\/\/www.xxter.com\/voice\/homekit-knx\/#breadcrumb\",\"itemListElement\":[{\"@type\":\"ListItem\",\"position\":1,\"name\":\"Home\",\"item\":\"https:\/\/www.xxter.com\/voice\/\"},{\"@type\":\"ListItem\",\"position\":2,\"name\":\"Apple Homekit\"}]},{\"@type\":\"WebSite\",\"@id\":\"https:\/\/www.xxter.com\/voice\/#website\",\"url\":\"https:\/\/www.xxter.com\/voice\/\",\"name\":\"xxter voice\",\"description\":\"Homekit mit KNX\",\"potentialAction\":[{\"@type\":\"SearchAction\",\"target\":{\"@type\":\"EntryPoint\",\"urlTemplate\":\"https:\/\/www.xxter.com\/voice\/?s={search_term_string}\"},\"query-input\":\"required name=search_term_string\"}],\"inLanguage\":\"de\"}]}<\/script>\n<!-- \/ Yoast SEO plugin. -->","yoast_head_json":{"title":"xxter voice | Apple Homekit KNX Bridge","description":"xxter Stimme bietet die M\u00f6glichkeit, KNX Homekit mit Apple zu integrieren. Die xxter Stimme kann als einer der wenigen offiziell den Stempel \"Arbeiten mit Apple HomeKit\".","robots":{"index":"index","follow":"follow","max-snippet":"max-snippet:-1","max-image-preview":"max-image-preview:large","max-video-preview":"max-video-preview:-1"},"canonical":"https:\/\/www.xxter.com\/voice\/homekit-knx\/","og_locale":"de_DE","og_type":"article","og_title":"xxter voice | Apple Homekit KNX Bridge","og_description":"xxter Stimme bietet die M\u00f6glichkeit, KNX Homekit mit Apple zu integrieren. Die xxter Stimme kann als einer der wenigen offiziell den Stempel \"Arbeiten mit Apple HomeKit\".","og_url":"https:\/\/www.xxter.com\/voice\/homekit-knx\/","og_site_name":"xxter voice","article_publisher":"https:\/\/www.facebook.com\/xxterbv","article_modified_time":"2020-08-07T11:36:25+00:00","og_image":[{"url":"https:\/\/www.xxter.com\/voice\/wp-content\/uploads\/2017\/09\/iphone-7-mockup-1500x430.jpg"}],"twitter_card":"summary_large_image","twitter_site":"@xxter","twitter_misc":{"Gesch\u00e4tzte Lesezeit":"9\u00a0Minuten"},"schema":{"@context":"https:\/\/schema.org","@graph":[{"@type":"WebPage","@id":"https:\/\/www.xxter.com\/voice\/homekit-knx\/","url":"https:\/\/www.xxter.com\/voice\/homekit-knx\/","name":"xxter voice | Apple Homekit KNX Bridge","isPartOf":{"@id":"https:\/\/www.xxter.com\/voice\/#website"},"primaryImageOfPage":{"@id":"https:\/\/www.xxter.com\/voice\/homekit-knx\/#primaryimage"},"image":{"@id":"https:\/\/www.xxter.com\/voice\/homekit-knx\/#primaryimage"},"thumbnailUrl":"https:\/\/www.xxter.com\/voice\/wp-content\/uploads\/2017\/09\/iphone-7-mockup-1500x430.jpg","datePublished":"2017-10-04T09:03:26+00:00","dateModified":"2020-08-07T11:36:25+00:00","description":"xxter Stimme bietet die M\u00f6glichkeit, KNX Homekit mit Apple zu integrieren. Die xxter Stimme kann als einer der wenigen offiziell den Stempel \"Arbeiten mit Apple HomeKit\".","breadcrumb":{"@id":"https:\/\/www.xxter.com\/voice\/homekit-knx\/#breadcrumb"},"inLanguage":"de","potentialAction":[{"@type":"ReadAction","target":["https:\/\/www.xxter.com\/voice\/homekit-knx\/"]}]},{"@type":"ImageObject","inLanguage":"de","@id":"https:\/\/www.xxter.com\/voice\/homekit-knx\/#primaryimage","url":"https:\/\/www.xxter.com\/voice\/wp-content\/uploads\/2017\/09\/iphone-7-mockup.jpg","contentUrl":"https:\/\/www.xxter.com\/voice\/wp-content\/uploads\/2017\/09\/iphone-7-mockup.jpg","width":4000,"height":2670,"caption":"iPhone 7 Homekit bedienen"},{"@type":"BreadcrumbList","@id":"https:\/\/www.xxter.com\/voice\/homekit-knx\/#breadcrumb","itemListElement":[{"@type":"ListItem","position":1,"name":"Home","item":"https:\/\/www.xxter.com\/voice\/"},{"@type":"ListItem","position":2,"name":"Apple Homekit"}]},{"@type":"WebSite","@id":"https:\/\/www.xxter.com\/voice\/#website","url":"https:\/\/www.xxter.com\/voice\/","name":"xxter voice","description":"Homekit mit KNX","potentialAction":[{"@type":"SearchAction","target":{"@type":"EntryPoint","urlTemplate":"https:\/\/www.xxter.com\/voice\/?s={search_term_string}"},"query-input":"required name=search_term_string"}],"inLanguage":"de"}]}},"_links":{"self":[{"href":"https:\/\/www.xxter.com\/voice\/wp-json\/wp\/v2\/pages\/443"}],"collection":[{"href":"https:\/\/www.xxter.com\/voice\/wp-json\/wp\/v2\/pages"}],"about":[{"href":"https:\/\/www.xxter.com\/voice\/wp-json\/wp\/v2\/types\/page"}],"author":[{"embeddable":true,"href":"https:\/\/www.xxter.com\/voice\/wp-json\/wp\/v2\/users\/1"}],"replies":[{"embeddable":true,"href":"https:\/\/www.xxter.com\/voice\/wp-json\/wp\/v2\/comments?post=443"}],"version-history":[{"count":30,"href":"https:\/\/www.xxter.com\/voice\/wp-json\/wp\/v2\/pages\/443\/revisions"}],"predecessor-version":[{"id":1232,"href":"https:\/\/www.xxter.com\/voice\/wp-json\/wp\/v2\/pages\/443\/revisions\/1232"}],"wp:attachment":[{"href":"https:\/\/www.xxter.com\/voice\/wp-json\/wp\/v2\/media?parent=443"}],"curies":[{"name":"wp","href":"https:\/\/api.w.org\/{rel}","templated":true}]}}